{"id":72,"date":"2023-02-23T15:24:00","date_gmt":"2023-02-23T15:24:00","guid":{"rendered":"https:\/\/michelmoto.com\/?page_id=72"},"modified":"2023-02-28T13:24:09","modified_gmt":"2023-02-28T13:24:09","slug":"qui-est-michel-moto","status":"publish","type":"page","link":"https:\/\/michelmoto.com\/index.php\/qui-est-michel-moto\/","title":{"rendered":"Qui est Michel Moto ?"},"content":{"rendered":"<div id=\"pl-72\"  class=\"panel-layout\" ><div id=\"pg-72-0\"  class=\"panel-grid panel-no-style\" ><div id=\"pgc-72-0-0\"  class=\"panel-grid-cell\" ><div id=\"panel-72-0-0-0\" class=\"so-panel widget widget_media_image panel-first-child panel-last-child\" data-index=\"0\" ><img width=\"256\" height=\"256\" src=\"https:\/\/michelmoto.com\/wp-content\/uploads\/2023\/02\/cropped-logo-icone.png\" class=\"image wp-image-6  attachment-full size-full\" alt=\"\" decoding=\"async\" loading=\"lazy\" style=\"max-width: 100%; height: auto;\" srcset=\"https:\/\/michelmoto.com\/wp-content\/uploads\/2023\/02\/cropped-logo-icone.png 256w, https:\/\/michelmoto.com\/wp-content\/uploads\/2023\/02\/cropped-logo-icone-150x150.png 150w\" sizes=\"(max-width: 256px) 100vw, 256px\" \/><\/div><\/div><div id=\"pgc-72-0-1\"  class=\"panel-grid-cell\" ><div id=\"panel-72-0-1-0\" class=\"so-panel widget widget_media_image panel-first-child panel-last-child\" data-index=\"1\" ><img width=\"1920\" height=\"550\" src=\"https:\/\/michelmoto.com\/wp-content\/uploads\/2023\/02\/Ban-01.jpg\" class=\"image wp-image-73  attachment-full size-full\" alt=\"\" decoding=\"async\" loading=\"lazy\" style=\"max-width: 100%; height: auto;\" srcset=\"https:\/\/michelmoto.com\/wp-content\/uploads\/2023\/02\/Ban-01.jpg 1920w, https:\/\/michelmoto.com\/wp-content\/uploads\/2023\/02\/Ban-01-300x86.jpg 300w, https:\/\/michelmoto.com\/wp-content\/uploads\/2023\/02\/Ban-01-1024x293.jpg 1024w, https:\/\/michelmoto.com\/wp-content\/uploads\/2023\/02\/Ban-01-768x220.jpg 768w, https:\/\/michelmoto.com\/wp-content\/uploads\/2023\/02\/Ban-01-1536x440.jpg 1536w\" sizes=\"(max-width: 1920px) 100vw, 1920px\" \/><\/div><\/div><div id=\"pgc-72-0-2\"  class=\"panel-grid-cell\" ><div id=\"panel-72-0-2-0\" class=\"so-panel widget widget_media_image panel-first-child panel-last-child\" data-index=\"2\" ><img width=\"300\" height=\"293\" src=\"https:\/\/michelmoto.com\/wp-content\/uploads\/2023\/02\/WhatsApp-Image-2023-02-18-at-11.18.15-2-300x293.jpeg\" class=\"image wp-image-41  attachment-medium size-medium\" alt=\"\" decoding=\"async\" loading=\"lazy\" style=\"max-width: 100%; height: auto;\" srcset=\"https:\/\/michelmoto.com\/wp-content\/uploads\/2023\/02\/WhatsApp-Image-2023-02-18-at-11.18.15-2-300x293.jpeg 300w, https:\/\/michelmoto.com\/wp-content\/uploads\/2023\/02\/WhatsApp-Image-2023-02-18-at-11.18.15-2.jpeg 492w\" sizes=\"(max-width: 300px) 100vw, 300px\" \/><\/div><\/div><\/div><div id=\"pg-72-1\"  class=\"panel-grid panel-no-style\" ><div id=\"pgc-72-1-0\"  class=\"panel-grid-cell panel-grid-cell-empty\" ><\/div><div id=\"pgc-72-1-1\"  class=\"panel-grid-cell\" ><div id=\"panel-72-1-1-0\" class=\"so-panel widget widget_media_image panel-first-child panel-last-child widgetopts-SO\" data-index=\"3\" ><img width=\"854\" height=\"1280\" src=\"https:\/\/michelmoto.com\/wp-content\/uploads\/2023\/02\/WhatsApp-Image-2023-02-18-at-11.18.15-1.jpeg\" class=\"image wp-image-181  attachment-full size-full\" alt=\"\" decoding=\"async\" loading=\"lazy\" style=\"max-width: 100%; height: auto;\" srcset=\"https:\/\/michelmoto.com\/wp-content\/uploads\/2023\/02\/WhatsApp-Image-2023-02-18-at-11.18.15-1.jpeg 854w, https:\/\/michelmoto.com\/wp-content\/uploads\/2023\/02\/WhatsApp-Image-2023-02-18-at-11.18.15-1-200x300.jpeg 200w, https:\/\/michelmoto.com\/wp-content\/uploads\/2023\/02\/WhatsApp-Image-2023-02-18-at-11.18.15-1-683x1024.jpeg 683w, https:\/\/michelmoto.com\/wp-content\/uploads\/2023\/02\/WhatsApp-Image-2023-02-18-at-11.18.15-1-768x1151.jpeg 768w, https:\/\/michelmoto.com\/wp-content\/uploads\/2023\/02\/WhatsApp-Image-2023-02-18-at-11.18.15-1-721x1080.jpeg 721w\" sizes=\"(max-width: 854px) 100vw, 854px\" \/><\/div><\/div><div id=\"pgc-72-1-2\"  class=\"panel-grid-cell panel-grid-cell-mobile-last\" ><div id=\"panel-72-1-2-0\" class=\"so-panel widget widget_text panel-first-child panel-last-child widgetopts-SO\" data-index=\"4\" ><h3 class=\"widget-title\">Qui est Michel MOTO ?<\/h3>\t\t\t<div class=\"textwidget\"><p>Michel Moto Muhima est expert en communication politique, titre re\u00e7u \u00e0 l\u2019issu d\u2019un parcours acad\u00e9mique pointu (Universit\u00e9 catholique de Louvain ; section XXX) et d\u2019un parcours politique caract\u00e9ris\u00e9 par une constance certaine. En effet, Michel a \u00e9t\u00e9 le porte-parole d\u2019hommes politiques \u00e0 toutes les \u00e9lections depuis 2011.<br \/>\nSon objectif principal est de mettre ses comp\u00e9tences professionnelles et sociales au service de la patrie et envisage de poursuivre sa carri\u00e8re en tant que serviteur du peuple en impl\u00e9mentant la vision d\u00e9velopp\u00e9e \u00e0 l\u2019UNC.<br \/>\nPeu loquace, Michel a r\u00e9ussi \u00e0 associer \u00e0 sa personne une image de temp\u00e9rance, patience, loyaut\u00e9 et professionnalisme ; quatre valeurs qui l\u2019ont toujours guid\u00e9.<br \/>\nMichel est un \u00e9poux aimant et un p\u00e8re attentionn\u00e9. Il aime la musique, le cin\u00e9ma et la cuisine.<\/p>\n<\/div>\n\t\t<\/div><\/div><div id=\"pgc-72-1-3\"  class=\"panel-grid-cell panel-grid-cell-empty\" ><\/div><\/div><\/div>","protected":false},"excerpt":{"rendered":"<p>Michel Moto Muhima est expert en communication politique, titre re\u00e7u \u00e0 l\u2019issu d\u2019un parcours acad\u00e9mique pointu (Universit\u00e9 catholique de Louvain ; section XXX) et d\u2019un parcours politique caract\u00e9ris\u00e9 par une constance certaine. En effet, Michel a \u00e9t\u00e9 le porte-parole d\u2019hommes politiques \u00e0 toutes les \u00e9lections depuis 2011. Son objectif principal est de mettre ses comp\u00e9tences professionnelles et sociales au service de la patrie et envisage de poursuivre sa carri\u00e8re en tant que serviteur du peuple en impl\u00e9mentant la vision d\u00e9velopp\u00e9e \u00e0 l\u2019UNC. Peu loquace, Michel a r\u00e9ussi \u00e0 associer \u00e0 sa personne une image de temp\u00e9rance, patience, loyaut\u00e9 et professionnalisme&hellip; <br \/> <a class=\"button small blue\" href=\"https:\/\/michelmoto.com\/index.php\/qui-est-michel-moto\/\">Lire la suite<\/a><\/p>\n","protected":false},"author":1,"featured_media":0,"parent":0,"menu_order":0,"comment_status":"closed","ping_status":"closed","template":"","meta":{"_coblocks_attr":"","_coblocks_dimensions":"","_coblocks_responsive_height":"","_coblocks_accordion_ie_support":"","_mi_skip_tracking":false},"aioseo_notices":[],"_links":{"self":[{"href":"https:\/\/michelmoto.com\/index.php\/wp-json\/wp\/v2\/pages\/72"}],"collection":[{"href":"https:\/\/michelmoto.com\/index.php\/wp-json\/wp\/v2\/pages"}],"about":[{"href":"https:\/\/michelmoto.com\/index.php\/wp-json\/wp\/v2\/types\/page"}],"author":[{"embeddable":true,"href":"https:\/\/michelmoto.com\/index.php\/wp-json\/wp\/v2\/users\/1"}],"replies":[{"embeddable":true,"href":"https:\/\/michelmoto.com\/index.php\/wp-json\/wp\/v2\/comments?post=72"}],"version-history":[{"count":88,"href":"https:\/\/michelmoto.com\/index.php\/wp-json\/wp\/v2\/pages\/72\/revisions"}],"predecessor-version":[{"id":214,"href":"https:\/\/michelmoto.com\/index.php\/wp-json\/wp\/v2\/pages\/72\/revisions\/214"}],"wp:attachment":[{"href":"https:\/\/michelmoto.com\/index.php\/wp-json\/wp\/v2\/media?parent=72"}],"curies":[{"name":"wp","href":"https:\/\/api.w.org\/{rel}","templated":true}]}}